{"id":39,"date":"2025-10-08T14:13:57","date_gmt":"2025-10-08T14:13:57","guid":{"rendered":"https:\/\/swanlado-zbmzdjkn7q.live-website.com\/?page_id=39"},"modified":"2026-03-16T20:38:54","modified_gmt":"2026-03-16T20:38:54","slug":"over","status":"publish","type":"page","link":"https:\/\/swanandlado.com\/home\/over\/","title":{"rendered":"Over"},"content":{"rendered":"\n<figure class=\"wp-block-image alignright size-large is-resized\"><a href=\"https:\/\/swanandlado.myshopify.com\/\"><img loading=\"lazy\" decoding=\"async\" width=\"768\" height=\"1024\" src=\"https:\/\/swanlado-zbmzdjkn7q.live-website.com\/wp-content\/uploads\/2025\/10\/IMG-20251005-WA0005-768x1024.jpg\" alt=\"\" class=\"wp-image-59\" style=\"width:300px;height:auto\" srcset=\"https:\/\/swanandlado.com\/wp-content\/uploads\/2025\/10\/IMG-20251005-WA0005-768x1024.jpg 768w, https:\/\/swanandlado.com\/wp-content\/uploads\/2025\/10\/IMG-20251005-WA0005-225x300.jpg 225w, https:\/\/swanandlado.com\/wp-content\/uploads\/2025\/10\/IMG-20251005-WA0005-1152x1536.jpg 1152w, https:\/\/swanandlado.com\/wp-content\/uploads\/2025\/10\/IMG-20251005-WA0005.jpg 1536w\" sizes=\"auto, (max-width: 768px) 100vw, 768px\" \/><\/a><\/figure>\n\n\n\n<p>Welkom bij Swan&amp;Lado \u2013 een online concept store en galerie voor kunst, antiek en design. Opgericht door kunstenaars en verzamelaars.<\/p>\n\n\n\n<p>Wij geloven in bezielde dingen. In langzaam handwerk als helend instrument \u2013 voor huizen, zielen en gemeenschappen. We menen het.<\/p>\n\n\n\n<p>Is jouw huis een spiegel van wie je bent, of loopt het achter omdat je baan te druk is, of omdat je niet weet waar te beginnen?<\/p>\n\n\n\n<p>We proberen je geen pseudo-esoterische onzin te verkopen (lees <a href=\"https:\/\/en.wikipedia.org\/wiki\/We%27ve_Had_a_Hundred_Years_of_Psychotherapy_%E2%80%93_and_the_World%27s_Getting_Worse\" data-type=\"link\" data-id=\"https:\/\/en.wikipedia.org\/wiki\/We%27ve_Had_a_Hundred_Years_of_Psychotherapy_%E2%80%93_and_the_World%27s_Getting_Worse\">James Hillman<\/a> maar eens). We zijn niet zo gek om massaproductie van \u00e1lle zonden te beschuldigen, maar we denken wel dat de balans teruggevonden kan worden in het verleden. <\/p>\n\n\n\n<p>Wij geloven dat een paar \u00e9chte dingen in je huis al kunnen leiden tot een volledige <em>slow remake. <\/em>Ja, langzaam. Want een thuis cre\u00ebren doe je niet in een maand. Maar zodra je dingen vervangt door stukken waar je van houdt, merk je binnen een jaar al verschil. Zie het als huiselijke psychotherapie. Het kan iets kleins zijn: een schilderij, een spiegel, een vaas. Misschien volg je opeens het kleurenpalet van dat ene stuk \u2013 of combineer je het ogenschijnlijk oncombineerbare.<\/p>\n\n\n\n<p>Waar wij n\u00ed\u00e9t in geloven: huizen die in korte tijd &#8216;gedesigned&#8217; zijn \u2013 perfect, kil en uniform. Nee, we verkopen je geen design. We hebben wel wat beters te doen. Wat we w\u00e9l willen: jou helpen om je eigen designproces langzaam te starten. Begin met \u00e9\u00e9n ding dat je haat vervangen door iets waar je van houdt, en je bent al op weg. Stuur ons bijvoorbeeld een bericht met wie je bent en foto\u2019s van de ruimte die je wilt transformeren. Dan stellen wij de <em><a data-type=\"page\" data-id=\"74\" href=\"https:\/\/swanandlado.com\/home\/art-in-the-box\/\">art box<\/a><\/em> voor je samen: een unieke combinatie van een modern of antiek kunstwerk (schilderij of print) en twee stukken toegepaste kunst (bijv. keramiek of glas), afhankelijk van je budget. (En ja, goede kunst kan ook betaalbaar zijn!) Stukken die samen kunnen bestaan en de verandering in je ruimte in gang zetten. <\/p>\n\n\n\n<p>Of neem een kijkje bij onze <a href=\"https:\/\/swanandlado.myshopify.com\/\" target=\"_blank\" rel=\"noopener\" title=\"\">webstore<\/a>.<\/p>\n\n\n\n<p>We denken ook graag mee over wat er in jouw huis ontbreekt en zoeken desnoods voor je naar iets unieks. We hebben contacten, kennis, smaak en tijd. Daarnaast bieden we ook online ruimte voor kunstenaars die we waarderen \u2013 zowel nieuw talent als gevestigde namen.<\/p>\n\n\n\n<p><\/p>\n","protected":false},"excerpt":{"rendered":"<p>Welkom bij Swan&amp;Lado \u2013 een online concept store en galerie voor kunst, antiek en design. Opgericht door kunstenaars en verzamelaars. Wij geloven in bezielde dingen. In langzaam handwerk als helend instrument \u2013 voor huizen, zielen en gemeenschappen. We menen het. Is jouw huis een spiegel van wie je bent, of loopt het achter omdat je [&hellip;]<\/p>\n","protected":false},"author":1,"featured_media":0,"parent":0,"menu_order":0,"comment_status":"closed","ping_status":"closed","template":"page-with-title","meta":{"_monsterinsights_skip_tracking":false,"_monsterinsights_sitenote_active":false,"_monsterinsights_sitenote_note":"","_monsterinsights_sitenote_category":0,"footnotes":""},"class_list":["post-39","page","type-page","status-publish","hentry"],"aioseo_notices":[],"featured_image_src":null,"_links":{"self":[{"href":"https:\/\/swanandlado.com\/home\/wp-json\/wp\/v2\/pages\/39","targetHints":{"allow":["GET"]}}],"collection":[{"href":"https:\/\/swanandlado.com\/home\/wp-json\/wp\/v2\/pages"}],"about":[{"href":"https:\/\/swanandlado.com\/home\/wp-json\/wp\/v2\/types\/page"}],"author":[{"embeddable":true,"href":"https:\/\/swanandlado.com\/home\/wp-json\/wp\/v2\/users\/1"}],"replies":[{"embeddable":true,"href":"https:\/\/swanandlado.com\/home\/wp-json\/wp\/v2\/comments?post=39"}],"version-history":[{"count":12,"href":"https:\/\/swanandlado.com\/home\/wp-json\/wp\/v2\/pages\/39\/revisions"}],"predecessor-version":[{"id":151,"href":"https:\/\/swanandlado.com\/home\/wp-json\/wp\/v2\/pages\/39\/revisions\/151"}],"wp:attachment":[{"href":"https:\/\/swanandlado.com\/home\/wp-json\/wp\/v2\/media?parent=39"}],"curies":[{"name":"wp","href":"https:\/\/api.w.org\/{rel}","templated":true}]}}